{"id":3,"date":"2022-09-30T10:31:01","date_gmt":"2022-09-30T08:31:01","guid":{"rendered":"https:\/\/taiebortho.ch\/?page_id=3"},"modified":"2023-02-14T18:56:58","modified_gmt":"2023-02-14T17:56:58","slug":"politique-de-confidentialite","status":"publish","type":"page","link":"https:\/\/taiebortho.ch\/en\/politique-de-confidentialite\/","title":{"rendered":"Privacy policy"},"content":{"rendered":"<p>[et_pb_section fb_built=\u00a0\u00bb1&Prime; module_id=\u00a0\u00bbcabinet\u00a0\u00bb _builder_version=\u00a0\u00bb4.18.0&Prime; _module_preset=\u00a0\u00bbdefault\u00a0\u00bb custom_padding=\u00a0\u00bb1px||25px|||\u00a0\u00bb global_colors_info=\u00a0\u00bb{}\u00a0\u00bb][et_pb_row make_equal=\u00a0\u00bbon\u00a0\u00bb _builder_version=\u00a0\u00bb4.19.1&Prime; _module_preset=\u00a0\u00bbdefault\u00a0\u00bb hover_enabled=\u00a0\u00bb0&Prime; global_colors_info=\u00a0\u00bb{}\u00a0\u00bb sticky_enabled=\u00a0\u00bb0&Prime;][et_pb_column type=\u00a0\u00bb4_4&Prime; _builder_version=\u00a0\u00bb4.19.1&Prime; _module_preset=\u00a0\u00bbdefault\u00a0\u00bb custom_css_main_element=\u00a0\u00bbmargin: auto;\u00a0\u00bb global_colors_info=\u00a0\u00bb{}\u00a0\u00bb][et_pb_text _builder_version=\u00a0\u00bb4.19.1&Prime; _module_preset=\u00a0\u00bbdefault\u00a0\u00bb text_font=\u00a0\u00bbWork Sans||||||||\u00a0\u00bb text_text_color=\u00a0\u00bb#5B5B57&Prime; text_font_size=\u00a0\u00bb16px\u00a0\u00bb header_2_font=\u00a0\u00bbPoppins||on||||||\u00a0\u00bb header_2_text_align=\u00a0\u00bbleft\u00a0\u00bb header_2_text_color=\u00a0\u00bb#2DB298&Prime; header_2_font_size=\u00a0\u00bb30px\u00a0\u00bb header_2_line_height=\u00a0\u00bb1.2em\u00a0\u00bb text_orientation=\u00a0\u00bbjustified\u00a0\u00bb hover_enabled=\u00a0\u00bb0&Prime; header_2_font_size_tablet=\u00a0\u00bb42px\u00a0\u00bb header_2_font_size_phone=\u00a0\u00bb24px\u00a0\u00bb header_2_font_size_last_edited=\u00a0\u00bbon|phone\u00a0\u00bb locked=\u00a0\u00bboff\u00a0\u00bb global_colors_info=\u00a0\u00bb{}\u00a0\u00bb header_font=\u00a0\u00bbPoppins|600|||||||\u00a0\u00bb header_font_size=\u00a0\u00bb60px\u00a0\u00bb header_text_color=\u00a0\u00bb#2DB298&Prime; header_3_font=\u00a0\u00bbPoppins|300|||||||\u00a0\u00bb header_3_font_size=\u00a0\u00bb19px\u00a0\u00bb header_3_text_color=\u00a0\u00bb#2DB298&Prime; sticky_enabled=\u00a0\u00bb0&Prime;]<\/p>\n<h1>Privacy policy<\/h1>\n<p>&nbsp;<\/p>\n<p>This Privacy Policy (hereinafter: the \"PP\") describes how your personal information is collected, used and shared when you visit or make a purchase on the Cabinet d'Orthodontie Michael Taieb (hereinafter: \"COMT\") Website, visible under the following link: www.taiebortho.ch, and all affiliated pages (hereinafter: the \"Website\").<\/p>\n<p>&nbsp;<\/p>\n<h2>PERSONAL INFORMATION COLLECTED<\/h2>\n<p>&nbsp;<\/p>\n<p>When you visit the Website, COMT automatically collects certain information about your device, including web browser information (IP address, time zone and some of the cookies installed on your device). In addition, as you browse the Website, COMT collects information about the individual web pages or products you visit, the Websites or search terms that referred you to the Website, and how you interact with the Website.  COMT automatically refers to this collected information as \"Device Information\" (\"DI\"). <em>Informations sur l&rsquo;appareil<\/em> \u00bb (ci-apr\u00e8s : les \u00ab IA \u00bb).<\/p>\n<p>&nbsp;<\/p>\n<p>COMT collects DI using the following technologies:<\/p>\n<p>&nbsp;<\/p>\n<p>\u2013 \"Cookies\" are data files that are placed on your device or computer and often include an anonymous unique identifier. For more information on cookies and how to disable them, visit http:\/\/www.allaboutcookies.org.<\/p>\n<p>&nbsp;<\/p>\n<p>\u2013 \"Web tags\", \"beacons\", \"pixels\" and \"conversion pixels\" are electronic files used to record information about the way you browse the site.<\/p>\n<p>&nbsp;<\/p>\n<p>&#8211; Les \u00ab balises Web \u00bb, les \u00ab balises \u00bb, les \u00ab\u00a0pixels\u00a0\u00bb et les \u00ab pixels de conversion \u00bb sont des fichiers \u00e9lectroniques utilis\u00e9s pour enregistrer des informations sur la fa\u00e7on dont vous naviguez sur le site.<\/p>\n<p>&nbsp;<\/p>\n<p>In addition, when you book an appointment via the Website, COMT collects certain information about you, including your name, e-mail address and telephone number. This information is called \"Booking Information\". <em>Informations de r\u00e9servation <\/em>\u00bb.<\/p>\n<p>&nbsp;<\/p>\n<p>When COMT refers to \" <em>Personal information <\/em>\" in this PP, it means both device information and control information.<\/p>\n<p><strong>\u00a0<\/strong><\/p>\n<h2><strong>USE OF YOUR PERSONAL INFORMATION<\/strong><\/h2>\n<p>&nbsp;<\/p>\n<p>COMT uses the order information it collects generally to fulfill any appointments set through the Website (including appointment confirmations). In addition, COMT uses this appointment information to:<\/p>\n<p>\u2013 Communicating with you or the user of the Website;<\/p>\n<p>\u2013 In accordance with the preferences you have shared with COMT, provide you with advertising information relating to COMT products or services.<\/p>\n<p>&nbsp;<\/p>\n<p>COMT uses the device information it collects to help it detect potential risks and fraud (in particular your IP address), and more generally to improve and optimize the Website (for example, by generating analyses of how customers navigate and interact with the Website and to evaluate the success of marketing and advertising campaigns).<\/p>\n<p>&nbsp;<\/p>\n<h2><strong>SHARING PERSONAL INFORMATION<\/strong><\/h2>\n<p>&nbsp;<\/p>\n<p>COMT shares your personal information with third parties to help use your personal information, as described above. COMT also uses Google Analytics to help us understand how customers use the Website.<\/p>\n<p>&nbsp;<\/p>\n<p>You can find out more about how Google uses your personal information here: https:\/\/www.google.com\/intl\/en\/policies\/privacy\/. Vous pouvez \u00e9galement d\u00e9sactiver Google Analytics here: https:\/\/tools.google.com\/dlpage\/gaoptout.<\/p>\n<p>&nbsp;<\/p>\n<p>Finally, COMT may also share your personal information to comply with applicable laws and regulations, to respond to a subpoena, search warrant or other lawful request for information we receive, or to otherwise protect your rights.<\/p>\n<p>&nbsp;<\/p>\n<h2><strong>TARGETED ADVERTISING<\/strong><\/h2>\n<p>&nbsp;<\/p>\n<p>As described above, we use your personal information to provide you with targeted advertising or marketing communications that may be of interest to you. For more information on how targeted advertising works, you can visit the Network Advertising Initiative (\"NAI\") education page at<\/p>\n<p>http:\/\/www.networkadvertising.org\/understanding-online-advertising\/how-does-it-work.<\/p>\n<p>&nbsp;<\/p>\n<p>You can disable targeted advertising by using the links below:<\/p>\n<p>\u2013 Facebook: https:\/\/www.facebook.com\/settings\/?tab=ads<\/p>\n<p>\u2013 Google: https:\/\/www.google.com\/settings\/ads\/anonymous<\/p>\n<p>\u2013 Bing: https: \/\/advertise.bingads.microsoft.com\/en-us\/resources\/policies\/personalized-ads<\/p>\n<p>&nbsp;<\/p>\n<p>In addition, you can deactivate some of these services by visiting the Digital Advertising Alliance deactivation portal at:<\/p>\n<p>http:\/\/optout.aboutads.info\/.<\/p>\n<p>&nbsp;<\/p>\n<p>&nbsp;<\/p>\n<h2><strong>\"DO NOT FOLLOW\" SIGNAL<\/strong><\/h2>\n<p>&nbsp;<\/p>\n<p>Please note that COMT does not alter data collection and website usage practices when it sees your browser's \"Do Not Track\" signal.<\/p>\n<p>&nbsp;<\/p>\n<h3>YOUR RIGHTS<\/h3>\n<p>&nbsp;<\/p>\n<p>If you are a European resident, you have the right to access the personal information COMT holds about you and to request that your personal information be corrected, updated or deleted. If you wish to exercise this right, please contact COMT using the details below.<\/p>\n<p>&nbsp;<\/p>\n<p>In addition, if you are a European resident, COMT notes that it processes your information in order to perform any contracts it may have with you (for example if you place an order via the website, etc.) or to legitimately pursue the business interests listed above.<\/p>\n<p>&nbsp;<\/p>\n<h3>DATA RETENTION<\/h3>\n<p>&nbsp;<\/p>\n<p>When you make an appointment on the website, COMT will retain your order information for its records unless and until you request COMT to delete this information.<\/p>\n<p>&nbsp;<\/p>\n<h3>CHANGES<\/h3>\n<p>&nbsp;<\/p>\n<p>COMT may update this PP from time to time to reflect, for example, changes in its practices or for other operational, legal or regulatory reasons.<\/p>\n<p>&nbsp;<\/p>\n<h3>MAJORITY<\/h3>\n<p>&nbsp;<\/p>\n<p>By using the Website, you represent that you are at least the age of majority in your state or province of residence, or that you are of the age of majority in your state or province of residence and that you have given COMT your consent to allow one of your minor dependents to use the Website.<\/p>\n<p>&nbsp;<\/p>\n<h3>CONTACT US<\/h3>\n<p>&nbsp;<\/p>\n<p>For more information on our privacy practices, if you have any questions or if you wish to file a complaint, please contact us by e-mail at the following address: smile@taiebortho.ch or by post using the contact details below:<\/p>\n<p>&nbsp;<\/p>\n<p>&nbsp;<\/p>\n<p>Michael Taieb orthodontics office<\/p>\n<p>Rue Juste-Olivier 8<\/p>\n<p>1260 Nyon<\/p>\n<p>Suisse<\/p>\n<p>[\/et_pb_text][\/et_pb_column][\/et_pb_row][\/et_pb_section]<\/p>","protected":false},"excerpt":{"rendered":"<p>Politique de confidentialit\u00e9 &nbsp; Cette politique de confidentialit\u00e9 (ci-apr\u00e8s : la \u00ab PC \u00bb) d\u00e9crit la mani\u00e8re dont vos informations personnelles sont collect\u00e9es, utilis\u00e9es et partag\u00e9es lorsque vous visitez ou effectuez un achat sur le Site Web de Cabinet d\u2019orthodontie Michael Taieb (ci-apr\u00e8s : \u00ab COMT \u00bb), visible sous le lien suivant :\u00a0 www.taiebortho.ch, et [&hellip;]<\/p>","protected":false},"author":1,"featured_media":0,"parent":0,"menu_order":0,"comment_status":"closed","ping_status":"closed","template":"","meta":{"_et_pb_use_builder":"on","_et_pb_old_content":"<!-- wp:heading -->\n<h2>Who we are<\/h2>\n<!-- \/wp:heading -->\n\n<!-- wp:paragraph -->\n<p><strong class=\"privacy-policy-tutorial\">Suggested text: <\/strong>Our website address is: https:\/\/taiebortho.ch.<\/p>\n<!-- \/wp:paragraph -->\n\n<!-- wp:heading -->\n<h2>Comments<\/h2>\n<!-- \/wp:heading -->\n\n<!-- wp:paragraph -->\n<p><strong class=\"privacy-policy-tutorial\">Suggested text: <\/strong>When visitors leave comments on the site we collect the data shown in the comments form, and also the visitor\u2019s IP address and browser user agent string to help spam detection.<\/p>\n<!-- \/wp:paragraph -->\n\n<!-- wp:paragraph -->\n<p>An anonymized string created from your email address (also called a hash) may be provided to the Gravatar service to see if you are using it. The Gravatar service privacy policy is available here: https:\/\/automattic.com\/privacy\/. After approval of your comment, your profile picture is visible to the public in the context of your comment.<\/p>\n<!-- \/wp:paragraph -->\n\n<!-- wp:heading -->\n<h2>Media<\/h2>\n<!-- \/wp:heading -->\n\n<!-- wp:paragraph -->\n<p><strong class=\"privacy-policy-tutorial\">Suggested text: <\/strong>If you upload images to the website, you should avoid uploading images with embedded location data (EXIF GPS) included. Visitors to the website can download and extract any location data from images on the website.<\/p>\n<!-- \/wp:paragraph -->\n\n<!-- wp:heading -->\n<h2>Cookies<\/h2>\n<!-- \/wp:heading -->\n\n<!-- wp:paragraph -->\n<p><strong class=\"privacy-policy-tutorial\">Suggested text: <\/strong>If you leave a comment on our site you may opt-in to saving your name, email address and website in cookies. These are for your convenience so that you do not have to fill in your details again when you leave another comment. These cookies will last for one year.<\/p>\n<!-- \/wp:paragraph -->\n\n<!-- wp:paragraph -->\n<p>If you visit our login page, we will set a temporary cookie to determine if your browser accepts cookies. This cookie contains no personal data and is discarded when you close your browser.<\/p>\n<!-- \/wp:paragraph -->\n\n<!-- wp:paragraph -->\n<p>When you log in, we will also set up several cookies to save your login information and your screen display choices. Login cookies last for two days, and screen options cookies last for a year. If you select \"Remember Me\", your login will persist for two weeks. If you log out of your account, the login cookies will be removed.<\/p>\n<!-- \/wp:paragraph -->\n\n<!-- wp:paragraph -->\n<p>If you edit or publish an article, an additional cookie will be saved in your browser. This cookie includes no personal data and simply indicates the post ID of the article you just edited. It expires after 1 day.<\/p>\n<!-- \/wp:paragraph -->\n\n<!-- wp:heading -->\n<h2>Embedded content from other websites<\/h2>\n<!-- \/wp:heading -->\n\n<!-- wp:paragraph -->\n<p><strong class=\"privacy-policy-tutorial\">Suggested text: <\/strong>Articles on this site may include embedded content (e.g. videos, images, articles, etc.). Embedded content from other websites behaves in the exact same way as if the visitor has visited the other website.<\/p>\n<!-- \/wp:paragraph -->\n\n<!-- wp:paragraph -->\n<p>These websites may collect data about you, use cookies, embed additional third-party tracking, and monitor your interaction with that embedded content, including tracking your interaction with the embedded content if you have an account and are logged in to that website.<\/p>\n<!-- \/wp:paragraph -->\n\n<!-- wp:heading -->\n<h2>Who we share your data with<\/h2>\n<!-- \/wp:heading -->\n\n<!-- wp:paragraph -->\n<p><strong class=\"privacy-policy-tutorial\">Suggested text: <\/strong>If you request a password reset, your IP address will be included in the reset email.<\/p>\n<!-- \/wp:paragraph -->\n\n<!-- wp:heading -->\n<h2>How long we retain your data<\/h2>\n<!-- \/wp:heading -->\n\n<!-- wp:paragraph -->\n<p><strong class=\"privacy-policy-tutorial\">Suggested text: <\/strong>If you leave a comment, the comment and its metadata are retained indefinitely. This is so we can recognize and approve any follow-up comments automatically instead of holding them in a moderation queue.<\/p>\n<!-- \/wp:paragraph -->\n\n<!-- wp:paragraph -->\n<p>For users that register on our website (if any), we also store the personal information they provide in their user profile. All users can see, edit, or delete their personal information at any time (except they cannot change their username). Website administrators can also see and edit that information.<\/p>\n<!-- \/wp:paragraph -->\n\n<!-- wp:heading -->\n<h2>What rights you have over your data<\/h2>\n<!-- \/wp:heading -->\n\n<!-- wp:paragraph -->\n<p><strong class=\"privacy-policy-tutorial\">Suggested text: <\/strong>If you have an account on this site, or have left comments, you can request to receive an exported file of the personal data we hold about you, including any data you have provided to us. You can also request that we erase any personal data we hold about you. This does not include any data we are obliged to keep for administrative, legal, or security purposes.<\/p>\n<!-- \/wp:paragraph -->\n\n<!-- wp:heading -->\n<h2>Where your data is sent<\/h2>\n<!-- \/wp:heading -->\n\n<!-- wp:paragraph -->\n<p><strong class=\"privacy-policy-tutorial\">Suggested text: <\/strong>Visitor comments may be checked through an automated spam detection service.<\/p>\n<!-- \/wp:paragraph -->","_et_gb_content_width":"","footnotes":""},"class_list":["post-3","page","type-page","status-publish","hentry"],"yoast_head":"<!-- This site is optimized with the Yoast SEO plugin v25.9 - https:\/\/yoast.com\/wordpress\/plugins\/seo\/ -->\n<title>Politique de confidentialit\u00e9 - Taiebortho.ch<\/title>\n<meta name=\"robots\" content=\"index, follow, max-snippet:-1, max-image-preview:large, max-video-preview:-1\" \/>\n<link rel=\"canonical\" href=\"https:\/\/taiebortho.ch\/en\/politique-de-confidentialite\/\" \/>\n<meta property=\"og:locale\" content=\"en_US\" \/>\n<meta property=\"og:type\" content=\"article\" \/>\n<meta property=\"og:title\" content=\"Politique de confidentialit\u00e9 - Taiebortho.ch\" \/>\n<meta property=\"og:description\" content=\"Politique de confidentialit\u00e9 &nbsp; Cette politique de confidentialit\u00e9 (ci-apr\u00e8s : la \u00ab PC \u00bb) d\u00e9crit la mani\u00e8re dont vos informations personnelles sont collect\u00e9es, utilis\u00e9es et partag\u00e9es lorsque vous visitez ou effectuez un achat sur le Site Web de Cabinet d\u2019orthodontie Michael Taieb (ci-apr\u00e8s : \u00ab COMT \u00bb), visible sous le lien suivant :\u00a0 www.taiebortho.ch, et [&hellip;]\" \/>\n<meta property=\"og:url\" content=\"https:\/\/taiebortho.ch\/en\/politique-de-confidentialite\/\" \/>\n<meta property=\"og:site_name\" content=\"Taiebortho.ch\" \/>\n<meta property=\"article:modified_time\" content=\"2023-02-14T17:56:58+00:00\" \/>\n<meta property=\"og:image\" content=\"https:\/\/taiebortho.ch\/wp-content\/uploads\/2022\/09\/logo-ortho-taieb-final-.png\" \/>\n\t<meta property=\"og:image:width\" content=\"3318\" \/>\n\t<meta property=\"og:image:height\" content=\"1347\" \/>\n\t<meta property=\"og:image:type\" content=\"image\/png\" \/>\n<meta name=\"twitter:card\" content=\"summary_large_image\" \/>\n<meta name=\"twitter:label1\" content=\"Est. reading time\" \/>\n\t<meta name=\"twitter:data1\" content=\"6 minutes\" \/>\n<script type=\"application\/ld+json\" class=\"yoast-schema-graph\">{\"@context\":\"https:\/\/schema.org\",\"@graph\":[{\"@type\":\"WebPage\",\"@id\":\"https:\/\/taiebortho.ch\/politique-de-confidentialite\/\",\"url\":\"https:\/\/taiebortho.ch\/politique-de-confidentialite\/\",\"name\":\"Politique de confidentialit\u00e9 - Taiebortho.ch\",\"isPartOf\":{\"@id\":\"https:\/\/taiebortho.ch\/#website\"},\"datePublished\":\"2022-09-30T08:31:01+00:00\",\"dateModified\":\"2023-02-14T17:56:58+00:00\",\"breadcrumb\":{\"@id\":\"https:\/\/taiebortho.ch\/politique-de-confidentialite\/#breadcrumb\"},\"inLanguage\":\"en-US\",\"potentialAction\":[{\"@type\":\"ReadAction\",\"target\":[\"https:\/\/taiebortho.ch\/politique-de-confidentialite\/\"]}]},{\"@type\":\"BreadcrumbList\",\"@id\":\"https:\/\/taiebortho.ch\/politique-de-confidentialite\/#breadcrumb\",\"itemListElement\":[{\"@type\":\"ListItem\",\"position\":1,\"name\":\"Accueil\",\"item\":\"https:\/\/taiebortho.ch\/\"},{\"@type\":\"ListItem\",\"position\":2,\"name\":\"Politique de confidentialit\u00e9\"}]},{\"@type\":\"WebSite\",\"@id\":\"https:\/\/taiebortho.ch\/#website\",\"url\":\"https:\/\/taiebortho.ch\/\",\"name\":\"Taiebortho.ch\",\"description\":\"Othodontiste - Nyon\",\"publisher\":{\"@id\":\"https:\/\/taiebortho.ch\/#organization\"},\"potentialAction\":[{\"@type\":\"SearchAction\",\"target\":{\"@type\":\"EntryPoint\",\"urlTemplate\":\"https:\/\/taiebortho.ch\/?s={search_term_string}\"},\"query-input\":{\"@type\":\"PropertyValueSpecification\",\"valueRequired\":true,\"valueName\":\"search_term_string\"}}],\"inLanguage\":\"en-US\"},{\"@type\":\"Organization\",\"@id\":\"https:\/\/taiebortho.ch\/#organization\",\"name\":\"Taiebortho.ch\",\"url\":\"https:\/\/taiebortho.ch\/\",\"logo\":{\"@type\":\"ImageObject\",\"inLanguage\":\"en-US\",\"@id\":\"https:\/\/taiebortho.ch\/#\/schema\/logo\/image\/\",\"url\":\"https:\/\/taiebortho.ch\/wp-content\/uploads\/2022\/09\/logo-ortho-taieb-final-.png\",\"contentUrl\":\"https:\/\/taiebortho.ch\/wp-content\/uploads\/2022\/09\/logo-ortho-taieb-final-.png\",\"width\":3318,\"height\":1347,\"caption\":\"Taiebortho.ch\"},\"image\":{\"@id\":\"https:\/\/taiebortho.ch\/#\/schema\/logo\/image\/\"}}]}<\/script>\n<!-- \/ Yoast SEO plugin. -->","yoast_head_json":{"title":"Politique de confidentialit\u00e9 - Taiebortho.ch","robots":{"index":"index","follow":"follow","max-snippet":"max-snippet:-1","max-image-preview":"max-image-preview:large","max-video-preview":"max-video-preview:-1"},"canonical":"https:\/\/taiebortho.ch\/en\/politique-de-confidentialite\/","og_locale":"en_US","og_type":"article","og_title":"Politique de confidentialit\u00e9 - Taiebortho.ch","og_description":"Politique de confidentialit\u00e9 &nbsp; Cette politique de confidentialit\u00e9 (ci-apr\u00e8s : la \u00ab PC \u00bb) d\u00e9crit la mani\u00e8re dont vos informations personnelles sont collect\u00e9es, utilis\u00e9es et partag\u00e9es lorsque vous visitez ou effectuez un achat sur le Site Web de Cabinet d\u2019orthodontie Michael Taieb (ci-apr\u00e8s : \u00ab COMT \u00bb), visible sous le lien suivant :\u00a0 www.taiebortho.ch, et [&hellip;]","og_url":"https:\/\/taiebortho.ch\/en\/politique-de-confidentialite\/","og_site_name":"Taiebortho.ch","article_modified_time":"2023-02-14T17:56:58+00:00","og_image":[{"width":3318,"height":1347,"url":"https:\/\/taiebortho.ch\/wp-content\/uploads\/2022\/09\/logo-ortho-taieb-final-.png","type":"image\/png"}],"twitter_card":"summary_large_image","twitter_misc":{"Est. reading time":"6 minutes"},"schema":{"@context":"https:\/\/schema.org","@graph":[{"@type":"WebPage","@id":"https:\/\/taiebortho.ch\/politique-de-confidentialite\/","url":"https:\/\/taiebortho.ch\/politique-de-confidentialite\/","name":"Politique de confidentialit\u00e9 - Taiebortho.ch","isPartOf":{"@id":"https:\/\/taiebortho.ch\/#website"},"datePublished":"2022-09-30T08:31:01+00:00","dateModified":"2023-02-14T17:56:58+00:00","breadcrumb":{"@id":"https:\/\/taiebortho.ch\/politique-de-confidentialite\/#breadcrumb"},"inLanguage":"en-US","potentialAction":[{"@type":"ReadAction","target":["https:\/\/taiebortho.ch\/politique-de-confidentialite\/"]}]},{"@type":"BreadcrumbList","@id":"https:\/\/taiebortho.ch\/politique-de-confidentialite\/#breadcrumb","itemListElement":[{"@type":"ListItem","position":1,"name":"Accueil","item":"https:\/\/taiebortho.ch\/"},{"@type":"ListItem","position":2,"name":"Politique de confidentialit\u00e9"}]},{"@type":"WebSite","@id":"https:\/\/taiebortho.ch\/#website","url":"https:\/\/taiebortho.ch\/","name":"Taiebortho.ch","description":"Othodontiste - Nyon","publisher":{"@id":"https:\/\/taiebortho.ch\/#organization"},"potentialAction":[{"@type":"SearchAction","target":{"@type":"EntryPoint","urlTemplate":"https:\/\/taiebortho.ch\/?s={search_term_string}"},"query-input":{"@type":"PropertyValueSpecification","valueRequired":true,"valueName":"search_term_string"}}],"inLanguage":"en-US"},{"@type":"Organization","@id":"https:\/\/taiebortho.ch\/#organization","name":"Taiebortho.ch","url":"https:\/\/taiebortho.ch\/","logo":{"@type":"ImageObject","inLanguage":"en-US","@id":"https:\/\/taiebortho.ch\/#\/schema\/logo\/image\/","url":"https:\/\/taiebortho.ch\/wp-content\/uploads\/2022\/09\/logo-ortho-taieb-final-.png","contentUrl":"https:\/\/taiebortho.ch\/wp-content\/uploads\/2022\/09\/logo-ortho-taieb-final-.png","width":3318,"height":1347,"caption":"Taiebortho.ch"},"image":{"@id":"https:\/\/taiebortho.ch\/#\/schema\/logo\/image\/"}}]}},"_links":{"self":[{"href":"https:\/\/taiebortho.ch\/en\/wp-json\/wp\/v2\/pages\/3","targetHints":{"allow":["GET"]}}],"collection":[{"href":"https:\/\/taiebortho.ch\/en\/wp-json\/wp\/v2\/pages"}],"about":[{"href":"https:\/\/taiebortho.ch\/en\/wp-json\/wp\/v2\/types\/page"}],"author":[{"embeddable":true,"href":"https:\/\/taiebortho.ch\/en\/wp-json\/wp\/v2\/users\/1"}],"replies":[{"embeddable":true,"href":"https:\/\/taiebortho.ch\/en\/wp-json\/wp\/v2\/comments?post=3"}],"version-history":[{"count":4,"href":"https:\/\/taiebortho.ch\/en\/wp-json\/wp\/v2\/pages\/3\/revisions"}],"predecessor-version":[{"id":730,"href":"https:\/\/taiebortho.ch\/en\/wp-json\/wp\/v2\/pages\/3\/revisions\/730"}],"wp:attachment":[{"href":"https:\/\/taiebortho.ch\/en\/wp-json\/wp\/v2\/media?parent=3"}],"curies":[{"name":"wp","href":"https:\/\/api.w.org\/{rel}","templated":true}]}}